{"id":391,"date":"2013-02-23T21:21:37","date_gmt":"2013-02-23T20:21:37","guid":{"rendered":"http:\/\/fotoclub-uhldingen.de\/?page_id=391"},"modified":"2024-07-15T08:14:01","modified_gmt":"2024-07-15T06:14:01","slug":"wissenswertes","status":"publish","type":"page","link":"https:\/\/staging.fotoclub-uhldingen.de\/?page_id=391","title":{"rendered":"Wissenswertes"},"content":{"rendered":"\n<div class=\"wp-block-toolset-blocks-grid tb-grid\" data-toolset-blocks-grid=\"6f30379ef858721931d464a9f723a085\">\n<div class=\"wp-block-toolset-blocks-grid-column tb-grid-column tb-grid-align-top\" data-toolset-blocks-grid-column=\"3034fbe886c11054e95b46b09d3e4112\">\n<div class=\"wp-block-uagb-info-box uagb-block-cad14515 uagb-infobox__content-wrap  uagb-infobox-icon-above-title uagb-infobox-image-valign-top wissenswertes uagb-infobox__outer-wrap\"><div class=\"uagb-ifb-content\"><div class=\"uagb-ifb-icon-wrap\"><svg xmlns=\"https:\/\/www.w3.org\/2000\/svg\" viewBox=\"0 0 448 512\"><path d=\"M447.1 319.1v135.1c0 13.26-10.75 23.1-23.1 23.1h-135.1c-12.94 0-24.61-7.781-29.56-19.75c-4.906-11.1-2.203-25.72 6.937-34.87l30.06-30.06L224 323.9l-71.43 71.44l30.06 30.06c9.156 9.156 11.91 22.91 6.937 34.87C184.6 472.2 172.9 479.1 160 479.1H24c-13.25 0-23.1-10.74-23.1-23.1v-135.1c0-12.94 7.781-24.61 19.75-29.56C23.72 288.8 27.88 288 32 288c8.312 0 16.5 3.242 22.63 9.367l30.06 30.06l71.44-71.44L84.69 184.6L54.63 214.6c-9.156 9.156-22.91 11.91-34.87 6.937C7.798 216.6 .0013 204.9 .0013 191.1v-135.1c0-13.26 10.75-23.1 23.1-23.1h135.1c12.94 0 24.61 7.781 29.56 19.75C191.2 55.72 191.1 59.87 191.1 63.1c0 8.312-3.237 16.5-9.362 22.63L152.6 116.7l71.44 71.44l71.43-71.44l-30.06-30.06c-9.156-9.156-11.91-22.91-6.937-34.87c4.937-11.95 16.62-19.75 29.56-19.75h135.1c13.26 0 23.1 10.75 23.1 23.1v135.1c0 12.94-7.781 24.61-19.75 29.56c-11.1 4.906-25.72 2.203-34.87-6.937l-30.06-30.06l-71.43 71.43l71.44 71.44l30.06-30.06c9.156-9.156 22.91-11.91 34.87-6.937C440.2 295.4 447.1 307.1 447.1 319.1z\"><\/path><\/svg><\/div><div class=\"uagb-ifb-title-wrap\"><h3 class=\"uagb-ifb-title\">Was uns antreibt<\/h3><\/div><p class=\"uagb-ifb-desc\">Die Leidenschaft f\u00fcr ambitionierte und kreative Fotografie. Die Aus\u00fcbung der Amateurfotografie mit professionellem Anspruch. Der regelm\u00e4\u00dfige Austausch zu allen Aspekten der Fotografie. Eine aktive und motivierende Clubgemeinschaft.<\/p><\/div><\/div>\n<\/div>\n\n\n\n<div class=\"wp-block-toolset-blocks-grid-column tb-grid-column tb-grid-align-top\" data-toolset-blocks-grid-column=\"3034fbe886c11054e95b46b09d3e4112\">\n<div class=\"wp-block-uagb-info-box uagb-block-3c8a9580 uagb-infobox__content-wrap  uagb-infobox-icon-above-title uagb-infobox-image-valign-top wissenswertes uagb-infobox__outer-wrap\"><div class=\"uagb-ifb-content\"><div class=\"uagb-ifb-icon-wrap\"><svg xmlns=\"https:\/\/www.w3.org\/2000\/svg\" viewBox=\"0 0 640 512\"><path d=\"M224 256c70.7 0 128-57.31 128-128S294.7 0 224 0C153.3 0 96 57.31 96 128S153.3 256 224 256zM274.7 304H173.3c-95.73 0-173.3 77.6-173.3 173.3C0 496.5 15.52 512 34.66 512H413.3C432.5 512 448 496.5 448 477.3C448 381.6 370.4 304 274.7 304zM479.1 320h-73.85C451.2 357.7 480 414.1 480 477.3C480 490.1 476.2 501.9 470 512h138C625.7 512 640 497.6 640 479.1C640 391.6 568.4 320 479.1 320zM432 256C493.9 256 544 205.9 544 144S493.9 32 432 32c-25.11 0-48.04 8.555-66.72 22.51C376.8 76.63 384 101.4 384 128c0 35.52-11.93 68.14-31.59 94.71C372.7 243.2 400.8 256 432 256z\"><\/path><\/svg><\/div><div class=\"uagb-ifb-title-wrap\"><h3 class=\"uagb-ifb-title\">Was wir so machen<\/h3><\/div><p class=\"uagb-ifb-desc\">W\u00f6chentliche Clubabende, Workshops, Ausstellungen, &#8222;Fotowalks&#8220; auch f\u00fcr Nichtmitglieder, Bildervortr\u00e4ge, Geselligkeit, Ausfl\u00fcge, Fotowochenenden, etc.<br>Veranstaltungen gem\u00e4\u00df dem aktuellen <a href=\"https:\/\/staging.fotoclub-uhldingen.de\/programm\/\" data-type=\"page\" data-id=\"419\">Programm<\/a>.<\/p><\/div><\/div>\n<\/div>\n\n\n\n<div class=\"wp-block-toolset-blocks-grid-column tb-grid-column tb-grid-align-top\" data-toolset-blocks-grid-column=\"3034fbe886c11054e95b46b09d3e4112\">\n<div class=\"wp-block-uagb-info-box uagb-block-178fe312 uagb-infobox__content-wrap  uagb-infobox-icon-above-title uagb-infobox-image-valign-top wissenswertes uagb-infobox__outer-wrap\"><div class=\"uagb-ifb-content\"><div class=\"uagb-ifb-icon-wrap\"><svg xmlns=\"https:\/\/www.w3.org\/2000\/svg\" viewBox=\"0 0 448 512\"><path d=\"M352 111.1c22.09 0 40-17.88 40-39.97S352 0 352 0s-40 49.91-40 72S329.9 111.1 352 111.1zM224 111.1c22.09 0 40-17.88 40-39.97S224 0 224 0S184 49.91 184 72S201.9 111.1 224 111.1zM383.1 223.1L384 160c0-8.836-7.164-16-16-16h-32C327.2 144 320 151.2 320 160v64h-64V160c0-8.836-7.164-16-16-16h-32C199.2 144 192 151.2 192 160v64H128V160c0-8.836-7.164-16-16-16h-32C71.16 144 64 151.2 64 160v63.97c-35.35 0-64 28.65-64 63.1v68.7c9.814 6.102 21.39 11.33 32 11.33c20.64 0 45.05-19.73 52.7-27.33c6.25-6.219 16.34-6.219 22.59 0C114.1 348.3 139.4 367.1 160 367.1s45.05-19.73 52.7-27.33c6.25-6.219 16.34-6.219 22.59 0C242.1 348.3 267.4 367.1 288 367.1s45.05-19.73 52.7-27.33c6.25-6.219 16.34-6.219 22.59 0C370.1 348.3 395.4 367.1 416 367.1c10.61 0 22.19-5.227 32-11.33V287.1C448 252.6 419.3 223.1 383.1 223.1zM352 373.3c-13.75 10.95-38.03 26.66-64 26.66s-50.25-15.7-64-26.66c-13.75 10.95-38.03 26.66-64 26.66s-50.25-15.7-64-26.66c-13.75 10.95-38.03 26.66-64 26.66c-11.27 0-22.09-3.121-32-7.377v87.38C0 497.7 14.33 512 32 512h384c17.67 0 32-14.33 32-32v-87.38c-9.91 4.256-20.73 7.377-32 7.377C390 399.1 365.8 384.3 352 373.3zM96 111.1c22.09 0 40-17.88 40-39.97S96 0 96 0S56 49.91 56 72S73.91 111.1 96 111.1z\"><\/path><\/svg><\/div><div class=\"uagb-ifb-title-wrap\"><h3 class=\"uagb-ifb-title\">1963<\/h3><\/div><p class=\"uagb-ifb-desc\">Der Verein wurde 1963 gegr\u00fcndet. Seit 2002 ist er als gemeinn\u00fctzig anerkannt.<\/p><\/div><\/div>\n<\/div>\n\n\n\n<div class=\"wp-block-toolset-blocks-grid-column tb-grid-column tb-grid-align-top\" data-toolset-blocks-grid-column=\"3034fbe886c11054e95b46b09d3e4112\">\n<div class=\"wp-block-uagb-info-box uagb-block-42103db6 uagb-infobox__content-wrap  uagb-infobox-icon-above-title uagb-infobox-image-valign-top wissenswertes uagb-infobox__outer-wrap\"><div class=\"uagb-ifb-content\"><div class=\"uagb-ifb-icon-wrap\"><svg xmlns=\"https:\/\/www.w3.org\/2000\/svg\" viewBox=\"0 0 576 512\"><path d=\"M575.8 255.5C575.8 273.5 560.8 287.6 543.8 287.6H511.8L512.5 447.7C512.5 450.5 512.3 453.1 512 455.8V472C512 494.1 494.1 512 472 512H456C454.9 512 453.8 511.1 452.7 511.9C451.3 511.1 449.9 512 448.5 512H392C369.9 512 352 494.1 352 472V384C352 366.3 337.7 352 320 352H256C238.3 352 224 366.3 224 384V472C224 494.1 206.1 512 184 512H128.1C126.6 512 125.1 511.9 123.6 511.8C122.4 511.9 121.2 512 120 512H104C81.91 512 64 494.1 64 472V360C64 359.1 64.03 358.1 64.09 357.2V287.6H32.05C14.02 287.6 0 273.5 0 255.5C0 246.5 3.004 238.5 10.01 231.5L266.4 8.016C273.4 1.002 281.4 0 288.4 0C295.4 0 303.4 2.004 309.5 7.014L564.8 231.5C572.8 238.5 576.9 246.5 575.8 255.5L575.8 255.5z\"><\/path><\/svg><\/div><div class=\"uagb-ifb-title-wrap\"><h3 class=\"uagb-ifb-title\">Unsere Heimat<\/h3><\/div><p class=\"uagb-ifb-desc\">Unser Clubraum befindet sich im Obergeschoss der Touristinfo in Unteruhldingen, Ehbachstra\u00dfe 1 (siehe <a href=\"https:\/\/staging.fotoclub-uhldingen.de\/kontakt\/\">Anfahrt<\/a>).<\/p><\/div><\/div>\n<\/div>\n\n\n\n<div class=\"wp-block-toolset-blocks-grid-column tb-grid-column tb-grid-align-top\" data-toolset-blocks-grid-column=\"3034fbe886c11054e95b46b09d3e4112\">\n<div class=\"wp-block-uagb-info-box uagb-block-23268598 uagb-infobox__content-wrap  uagb-infobox-icon-above-title uagb-infobox-image-valign-top wissenswertes uagb-infobox__outer-wrap\"><div class=\"uagb-ifb-content\"><div class=\"uagb-ifb-icon-wrap\"><svg xmlns=\"https:\/\/www.w3.org\/2000\/svg\" viewBox=\"0 0 512 512\"><path d=\"M64 64V48C64 39.16 71.16 32 80 32H144C152.8 32 160 39.16 160 48V64H192L242.5 38.76C251.4 34.31 261.2 32 271.1 32H448C483.3 32 512 60.65 512 96V416C512 451.3 483.3 480 448 480H64C28.65 480 0 451.3 0 416V128C0 92.65 28.65 64 64 64zM220.6 121.2C211.7 125.7 201.9 128 192 128H64V192H178.8C200.8 176.9 227.3 168 256 168C284.7 168 311.2 176.9 333.2 192H448V96H271.1L220.6 121.2zM256 216C207.4 216 168 255.4 168 304C168 352.6 207.4 392 256 392C304.6 392 344 352.6 344 304C344 255.4 304.6 216 256 216z\"><\/path><\/svg><\/div><div class=\"uagb-ifb-title-wrap\"><h3 class=\"uagb-ifb-title\">Hardware<\/h3><\/div><p class=\"uagb-ifb-desc\">Unser Clubraum ist mit Blitz- und Dauerlichtanlage, sowie dem erforderlichen Zubeh\u00f6r f\u00fcr die Studio-Fotografie ausgestattet. Zwei weitere akkubetriebene Studioblitze sind auch f\u00fcr den mobilen Au\u00dfeneinsatz geeignet. Es steht ein leistungsstarker Computer mit Bildbearbeitungs- und Pr\u00e4sentationsprogrammen zur Verf\u00fcgung. Drucken k\u00f6nnen wir mit einem hochwertigen Fotodrucker bis zur Papiergr\u00f6\u00dfe DIN A2+. F\u00fcr die Pr\u00e4sentation unserer Bilder nutzen wir einen 86\u2033 gro\u00dfen LCD-Monitor in 4k-Aufl\u00f6sung.  Weiterhin haben wir einen HD-Beamer sowie eine gro\u00dfe Leinwand montiert. <\/p><\/div><\/div>\n<\/div>\n\n\n\n<div class=\"wp-block-toolset-blocks-grid-column tb-grid-column tb-grid-align-top\" data-toolset-blocks-grid-column=\"3034fbe886c11054e95b46b09d3e4112\">\n<div class=\"wp-block-uagb-info-box uagb-block-65c07acf uagb-infobox__content-wrap  uagb-infobox-icon-above-title uagb-infobox-image-valign-top wissenswertes uagb-infobox__outer-wrap\"><div class=\"uagb-ifb-content\"><div class=\"uagb-ifb-icon-wrap\"><svg xmlns=\"https:\/\/www.w3.org\/2000\/svg\" viewBox=\"0 0 640 512\"><path d=\"M96.2 200.1C96.07 197.4 96 194.7 96 192C96 103.6 167.6 32 256 32C315.3 32 367 64.25 394.7 112.2C409.9 101.1 428.3 96 448 96C501 96 544 138.1 544 192C544 204.2 541.7 215.8 537.6 226.6C596 238.4 640 290.1 640 352C640 422.7 582.7 480 512 480H144C64.47 480 0 415.5 0 336C0 273.2 40.17 219.8 96.2 200.1z\"><\/path><\/svg><\/div><div class=\"uagb-ifb-title-wrap\"><h3 class=\"uagb-ifb-title\">Im Web verbunden<\/h3><\/div><p class=\"uagb-ifb-desc\">Ein eigener Internetauftritt, eine eigene Cloud f\u00fcr die Vorstandsarbeit und die Zusammenarbeit der Clubmitglieder, die Produktion eigener Schulungsvideos, Kommunikation \u00fcber E-Mail, Messenger und Online-Meetings &#8211; wir k\u00f6nnen auch digital!<\/p><\/div><\/div>\n<\/div>\n\n\n\n<div class=\"wp-block-toolset-blocks-grid-column tb-grid-column tb-grid-align-top\" data-toolset-blocks-grid-column=\"3034fbe886c11054e95b46b09d3e4112\">\n<div class=\"wp-block-uagb-info-box uagb-block-5b835647 uagb-infobox__content-wrap  uagb-infobox-icon-above-title uagb-infobox-image-valign-top wissenswertes uagb-infobox__outer-wrap\"><div class=\"uagb-ifb-content\"><div class=\"uagb-ifb-icon-wrap\"><svg xmlns=\"https:\/\/www.w3.org\/2000\/svg\" viewBox=\"0 0 512 512\"><path d=\"M416 48C416 39.13 408.9 32 400 32h-64C327.1 32 320 39.13 320 48V96h96.04L416 48zM63.88 160.1C61.34 253.9 3.5 274.3 0 404V448c0 17.6 14.4 32 32 32h128c17.6 0 32-14.4 32-32V128H95.88C78.26 128 64.35 142.5 63.88 160.1zM448.1 160.1C447.6 142.5 433.7 128 416.1 128H320v320c0 17.6 14.4 32 32 32h128c17.6 0 32-14.4 32-32v-44C508.5 274.3 450.7 253.9 448.1 160.1zM224 288h64V128H224V288zM176 32h-64C103.1 32 96 39.13 96 48L95.96 96H192V48C192 39.13 184.9 32 176 32z\"><\/path><\/svg><\/div><div class=\"uagb-ifb-title-wrap\"><h3 class=\"uagb-ifb-title\">\u00dcber den Tellerrand<\/h3><\/div><p class=\"uagb-ifb-desc\">Wir sind Mitglied im <a href=\"http:\/\/fotokreisoberschwabenbodensee.com\/\" target=\"_blank\" rel=\"noreferrer noopener\">Fotokreis Oberschwaben Bodensee<\/a> (FOB) und nehmen dort an den j\u00e4hrlich stattfindenden Wettbewerben teil. Des \u00d6fteren sind professionelle Fotografen unsere G\u00e4ste und zeigen uns ihre Arbeiten. Gerne empfangen wir Vertreter der Fotoindustrie und lassen uns die neuesten Entwicklungen zeigen. Wir besuchen aber auch kleinere Unternehmen in der Region.<\/p><\/div><\/div>\n<\/div>\n\n\n\n<div class=\"wp-block-toolset-blocks-grid-column tb-grid-column tb-grid-align-top\" data-toolset-blocks-grid-column=\"3034fbe886c11054e95b46b09d3e4112\"><\/div>\n<\/div>\n","protected":false},"excerpt":{"rendered":"","protected":false},"author":2388,"featured_media":23539,"parent":0,"menu_order":0,"comment_status":"closed","ping_status":"closed","template":"","meta":{"_uag_custom_page_level_css":"","site-sidebar-layout":"default","site-content-layout":"default","ast-site-content-layout":"default","site-content-style":"default","site-sidebar-style":"default","ast-global-header-display":"","ast-banner-title-visibility":"","ast-main-header-display":"","ast-hfb-above-header-display":"","ast-hfb-below-header-display":"","ast-hfb-mobile-header-display":"","site-post-title":"","ast-breadcrumbs-content":"","ast-featured-img":"","footer-sml-layout":"","theme-transparent-header-meta":"default","adv-header-id-meta":"","stick-header-meta":"default","header-above-stick-meta":"","header-main-stick-meta":"","header-below-stick-meta":"","astra-migrate-meta-layouts":"set","ast-page-background-enabled":"default","ast-page-background-meta":{"desktop":{"background-color":"","background-image":"","background-repeat":"repeat","background-position":"center center","background-size":"auto","background-attachment":"scroll","background-type":"","background-media":"","overlay-type":"","overlay-color":"","overlay-opacity":"","overlay-gradient":""},"tablet":{"background-color":"","background-image":"","background-repeat":"repeat","background-position":"center center","background-size":"auto","background-attachment":"scroll","background-type":"","background-media":"","overlay-type":"","overlay-color":"","overlay-opacity":"","overlay-gradient":""},"mobile":{"background-color":"","background-image":"","background-repeat":"repeat","background-position":"center center","background-size":"auto","background-attachment":"scroll","background-type":"","background-media":"","overlay-type":"","overlay-color":"","overlay-opacity":"","overlay-gradient":""}},"ast-content-background-meta":{"desktop":{"background-color":"var(--ast-global-color-5)","background-image":"","background-repeat":"repeat","background-position":"center center","background-size":"auto","background-attachment":"scroll","background-type":"","background-media":"","overlay-type":"","overlay-color":"","overlay-opacity":"","overlay-gradient":""},"tablet":{"background-color":"var(--ast-global-color-5)","background-image":"","background-repeat":"repeat","background-position":"center center","background-size":"auto","background-attachment":"scroll","background-type":"","background-media":"","overlay-type":"","overlay-color":"","overlay-opacity":"","overlay-gradient":""},"mobile":{"background-color":"var(--ast-global-color-5)","background-image":"","background-repeat":"repeat","background-position":"center center","background-size":"auto","background-attachment":"scroll","background-type":"","background-media":"","overlay-type":"","overlay-color":"","overlay-opacity":"","overlay-gradient":""}},"footnotes":""},"class_list":["post-391","page","type-page","status-publish","has-post-thumbnail","hentry"],"uagb_featured_image_src":{"full":["https:\/\/staging.fotoclub-uhldingen.de\/wp-content\/uploads\/2021\/01\/2017-05-15_052_mk.jpg",1920,1272,false],"thumbnail":["https:\/\/staging.fotoclub-uhldingen.de\/wp-content\/uploads\/2021\/01\/2017-05-15_052_mk-340x280.jpg",340,280,true],"medium":["https:\/\/staging.fotoclub-uhldingen.de\/wp-content\/uploads\/2021\/01\/2017-05-15_052_mk-520x345.jpg",520,345,true],"medium_large":["https:\/\/staging.fotoclub-uhldingen.de\/wp-content\/uploads\/2021\/01\/2017-05-15_052_mk-768x509.jpg",768,509,true],"large":["https:\/\/staging.fotoclub-uhldingen.de\/wp-content\/uploads\/2021\/01\/2017-05-15_052_mk-1260x835.jpg",1260,835,true],"1536x1536":["https:\/\/staging.fotoclub-uhldingen.de\/wp-content\/uploads\/2021\/01\/2017-05-15_052_mk-1536x1018.jpg",1536,1018,true],"2048x2048":["https:\/\/staging.fotoclub-uhldingen.de\/wp-content\/uploads\/2021\/01\/2017-05-15_052_mk.jpg",1920,1272,false]},"uagb_author_info":{"display_name":"Webmaster","author_link":"https:\/\/staging.fotoclub-uhldingen.de\/?author=2388"},"uagb_comment_info":0,"uagb_excerpt":null,"publishpress_future_workflow_manual_trigger":{"enabledWorkflows":[]},"_links":{"self":[{"href":"https:\/\/staging.fotoclub-uhldingen.de\/index.php?rest_route=\/wp\/v2\/pages\/391","targetHints":{"allow":["GET"]}}],"collection":[{"href":"https:\/\/staging.fotoclub-uhldingen.de\/index.php?rest_route=\/wp\/v2\/pages"}],"about":[{"href":"https:\/\/staging.fotoclub-uhldingen.de\/index.php?rest_route=\/wp\/v2\/types\/page"}],"author":[{"embeddable":true,"href":"https:\/\/staging.fotoclub-uhldingen.de\/index.php?rest_route=\/wp\/v2\/users\/2388"}],"replies":[{"embeddable":true,"href":"https:\/\/staging.fotoclub-uhldingen.de\/index.php?rest_route=%2Fwp%2Fv2%2Fcomments&post=391"}],"version-history":[{"count":0,"href":"https:\/\/staging.fotoclub-uhldingen.de\/index.php?rest_route=\/wp\/v2\/pages\/391\/revisions"}],"wp:featuredmedia":[{"embeddable":true,"href":"https:\/\/staging.fotoclub-uhldingen.de\/index.php?rest_route=\/wp\/v2\/media\/23539"}],"wp:attachment":[{"href":"https:\/\/staging.fotoclub-uhldingen.de\/index.php?rest_route=%2Fwp%2Fv2%2Fmedia&parent=391"}],"curies":[{"name":"wp","href":"https:\/\/api.w.org\/{rel}","templated":true}]}}